{"id":954,"date":"2020-09-30T10:14:00","date_gmt":"2020-09-30T08:14:00","guid":{"rendered":"https:\/\/semiografia.art\/?page_id=954"},"modified":"2020-10-30T10:59:34","modified_gmt":"2020-10-30T09:59:34","slug":"o-semiografii-2-0","status":"publish","type":"page","link":"https:\/\/semiografia.art\/index.php\/o-semiografii-2-0\/","title":{"rendered":"O SEMIOGRAFII 2.0"},"content":{"rendered":"<p>[et_pb_section fb_built=&#8221;1&#8243; _builder_version=&#8221;4.4.8&#8243;][et_pb_row column_structure=&#8221;1_4,3_4&#8243; _builder_version=&#8221;4.4.8&#8243;][et_pb_column type=&#8221;1_4&#8243; _builder_version=&#8221;4.4.8&#8243;][et_pb_post_title _builder_version=&#8221;4.4.8&#8243;][\/et_pb_post_title][\/et_pb_column][et_pb_column type=&#8221;3_4&#8243; _builder_version=&#8221;4.4.8&#8243;][et_pb_text _builder_version=&#8221;4.4.8&#8243;]<\/p>\n<div class=\"kvgmc6g5 cxmmr5t8 oygrvhab hcukyx3x c1et5uql ii04i59q\">\n<div dir=\"auto\" style=\"text-align: justify;\">\n<p><strong>PL<\/strong><strong>.\u00a0<\/strong>Celem projektu by\u0142o i jest propagowanie ksi\u0105\u017cek artystycznych o charakterze liberackim, opieraj\u0105cych si\u0119 na \u015bcis\u0142ych regu\u0142ach matematycznych. Liberatura \u0142amie konwencj\u0119. Poszerza poznanie. Rezygnuje z linearno\u015bci. Otwiera dzie\u0142o. Mo\u017ce przyjmowa\u0107 r\u00f3\u017cne formy i kszta\u0142ty. Tre\u015b\u0107 jest r\u00f3wnorz\u0119dna z form\u0105. Nie musi by\u0107 wykonana z papieru. Mo\u017ce by\u0107 bardzo prosta lub wybitnie skomplikowana. Mo\u017ce by\u0107 czytelna lub absolutnie zagmatwana i\u00a0nieczytelna. W iberaturze wszystko ma znaczenie. nawet \u015bwiat\u0142o mi\u0119dzy literami. Umyka jej jednoznaczne okre\u015blenie. Liberatura to wolna literatura. Odbierana wszystkimi zmys\u0142ami. Na jej temat powstaj\u0105 obszerne opracowania, wesz\u0142a ju\u017c do oficjalnego j\u0119zyka teorii literatury. Posiadam do\u015bwiadczenie w tym zakresie \u2013 jestem tw\u00f3rc\u0105 wizualnym wykorzystuj\u0105cym znak, s\u0142owo i obrazowanie jako form\u0119 wypowiedzi artystycznej. Jestem autorem ksi\u0105\u017cki artystycznej towarzysz\u0105cej mi\u0119dzynarodowemu projektowi promuj\u0105cemu liberatur\u0119 w obszarze Polski i\u00a0Skandynawii. Projekt opiera\u0142 si\u0119 w ca\u0142o\u015bci na matematycznych obliczeniach, kt\u00f3rych zasadnicz\u0105 w\u0142asno\u015bci\u0105 by\u0142o wykorzystanie z\u0142otego podzia\u0142u. Clou projektu polega\u0142o na powstaniu zestawu figur geometrycznych i\u00a0ich uk\u0142adzie wzgl\u0119dem siebie, maj\u0105cym na celu generowanie kolejnych, nowych form. Pomys\u0142 ten okaza\u0142 si\u0119 na tyle nowatorski, \u017ce otworzy\u0142 nowe p\u0142aszczyzny i pola do realizacji nowych wizualnych i\u00a0interaktywnych dzia\u0142a\u0144. Poszczeg\u00f3lne propozycje projektu by\u0142y realizowane w\u00a0postaci PDF, JPG i interaktywnych arkuszach internetowych.<\/p>\n<p>Na ca\u0142o\u015b\u0107 projekt sk\u0142ada si\u0119 w efekcie z \u00a0<strong>6 ksi\u0105\u017cek unikat\u00f3w<\/strong> zrealizowanych na kafelkach w formacie 10&#215;10 cm wykonanych z PCV o\u00a0grubo\u015bci 5 i 2 mm, \u0142\u0105czonych za pomoc\u0105 specjalistycznej introligatorskiej bia\u0142ej ta\u015bmy bawe\u0142nianej, nadruku na folii samoprzylepnej grafik i\u00a0naniesieniu ich na elementy PCV. W\u00a0efekcie na pojedyncz\u0105 prac\u0119 sk\u0142ada si\u0119 16 element\u00f3w i dwustronny nadruk \u00a0(w ca\u0142o\u015bci do cyklu zosta\u0142o u\u017cytych 16&#215;6=96 element\u00f3w i 192 naklejane grafiki). Ka\u017cdy projekt z\u0142o\u017cony jest w inny, opracowany spos\u00f3b. Uzale\u017cnione jest to od sposobu \u0142\u0105czenia poszczeg\u00f3lnych element\u00f3w i od grubo\u015bci u\u017cytego materia\u0142u.<\/p>\n<p>Powy\u017cszy cykl realizacji \u015bci\u015ble odpowiada na zagadnienie u\u017cycia matematyki w\u00a0projektowaniu graficznym, \u015bci\u015ble opiera si\u0119 o siatk\u0119 tzw <em>grid<\/em>, kt\u00f3ry powsta\u0142 na zasadzie z\u0142otych proporcji wynikaj\u0105cy z\u00a0podzia\u0142u kwadratu i wylicze\u0144 tych matematycznych proporcji z oblicze\u0144, kt\u00f3re najlepiej przedstawi\u0107 za pomoc\u0105 grafiki:<\/p>\n<p><img loading=\"lazy\" src=\"https:\/\/semiografia.art\/wp-content\/uploads\/2020\/10\/RENESANS-_WERSJA-Z-WWW2-300x260.jpg\" width=\"319\" height=\"277\" alt=\"\" class=\"wp-image-510 alignnone size-medium\" \/><\/p>\n<p>&nbsp;<\/p>\n<p>&nbsp;<\/p>\n<p>W efekcie powstaje podzia\u0142 kwadratu kt\u00f3ry zwielokrotniony i obr\u00f3cony wzgl\u0119dem w\u0142asnej osi daje nam siatk\u0119:<\/p>\n<p><img loading=\"lazy\" src=\"https:\/\/semiografia.art\/wp-content\/uploads\/2020\/10\/siatka_1-16-300x300.jpg\" width=\"300\" height=\"300\" alt=\"\" class=\"wp-image-959 alignnone size-medium\" \/><\/p>\n<p>Siatka stanowi baz\u0119 na kt\u00f3r\u0105 naniesione s\u0105 elementy graficzne daj\u0105ce mo\u017cliwo\u015b\u0107 sk\u0142adania ich w taki spos\u00f3b aby zawsze po z\u0142o\u017ceniu stanowi\u0142y graficzn\u0105 ca\u0142o\u015b\u0107.<\/p>\n<p><img loading=\"lazy\" src=\"https:\/\/semiografia.art\/wp-content\/uploads\/2020\/10\/GRID-2-300x169.jpg\" width=\"300\" height=\"169\" alt=\"\" class=\"wp-image-961 alignnone size-medium\" \/><\/p>\n<p>Jeden z przyk\u0142ad\u00f3w, z 6 podzia\u0142\u00f3w zastosowanych przy sk\u0142adaniu projektu.<\/p>\n<p>W efekcie powsta\u0142o <strong>6 obiekt\u00f3w &#8211; ksi\u0105\u017cek<\/strong>, kt\u00f3re mo\u017cna \u0142\u0105czy\u0107 ze sob\u0105 ale te\u017c mo\u017cna w\u00a0swobodny spos\u00f3b zestawia\u0107:<\/p>\n<p><img loading=\"lazy\" src=\"https:\/\/semiografia.art\/wp-content\/uploads\/2020\/10\/PRZYK\u0141ADY_SEMIOGRAFIA-2-300x300.jpg\" width=\"300\" height=\"300\" alt=\"\" class=\"wp-image-962 alignnone size-medium\" srcset=\"https:\/\/semiografia.art\/wp-content\/uploads\/2020\/10\/PRZYK\u0141ADY_SEMIOGRAFIA-2-300x300.jpg 300w, https:\/\/semiografia.art\/wp-content\/uploads\/2020\/10\/PRZYK\u0141ADY_SEMIOGRAFIA-2-1024x1024.jpg 1024w, https:\/\/semiografia.art\/wp-content\/uploads\/2020\/10\/PRZYK\u0141ADY_SEMIOGRAFIA-2-150x150.jpg 150w, https:\/\/semiografia.art\/wp-content\/uploads\/2020\/10\/PRZYK\u0141ADY_SEMIOGRAFIA-2-768x768.jpg 768w, https:\/\/semiografia.art\/wp-content\/uploads\/2020\/10\/PRZYK\u0141ADY_SEMIOGRAFIA-2-1536x1536.jpg 1536w, https:\/\/semiografia.art\/wp-content\/uploads\/2020\/10\/PRZYK\u0141ADY_SEMIOGRAFIA-2-1080x1080.jpg 1080w, https:\/\/semiografia.art\/wp-content\/uploads\/2020\/10\/PRZYK\u0141ADY_SEMIOGRAFIA-2-1280x1280.jpg 1280w, https:\/\/semiografia.art\/wp-content\/uploads\/2020\/10\/PRZYK\u0141ADY_SEMIOGRAFIA-2-980x980.jpg 980w, https:\/\/semiografia.art\/wp-content\/uploads\/2020\/10\/PRZYK\u0141ADY_SEMIOGRAFIA-2-480x480.jpg 480w, https:\/\/semiografia.art\/wp-content\/uploads\/2020\/10\/PRZYK\u0141ADY_SEMIOGRAFIA-2.jpg 1890w\" sizes=\"(max-width: 300px) 100vw, 300px\" \/><\/p>\n<p>Drug\u0105 cz\u0119\u015b\u0107 stanowi\u0105 <strong>3 ksi\u0105\u017cki unikatowe<\/strong> zrealizowane w formacie 40&#215;20 cm, wydruk cyfrowy wysokiej jako\u015bci projekt\u00f3w powsta\u0142ych cyfrowo w\u00a0programach graficznych \u2013 Photoshop i\u00a0BlackInk i\u00a0z\u0142o\u017cone do druku w programie InDesign firmy ADOBE. Powsta\u0142y:<\/p>\n<p><em>ASEMIC WRITING E1<\/em>, ksi\u0105\u017cka 40&#215;20 cm, 44 strony [unikat]<br \/> <em>ASEMIC WRITING E2<\/em>, ksi\u0105\u017cka 40&#215;20 cm, 44 strony [unikat]<br \/> <em>S Y M E T R I E | S Y M M E T R I E S<\/em>, ksi\u0105\u017cka 40&#215;20 cm, 84 strony [unikat]<\/p>\n<p>&nbsp;<\/p>\n<p><img loading=\"lazy\" src=\"https:\/\/semiografia.art\/wp-content\/uploads\/2020\/10\/DSC00689-300x225.jpg\" width=\"300\" height=\"225\" alt=\"\" class=\"wp-image-323 alignnone size-medium\" \/><img loading=\"lazy\" src=\"https:\/\/semiografia.art\/wp-content\/uploads\/2020\/10\/DSC00542-300x225.jpg\" width=\"300\" height=\"225\" alt=\"\" class=\"wp-image-229 alignnone size-medium\" \/><\/p>\n<p>Pismo asemiczne bo na nim opieraj\u0105 si\u0119 te trzy realizacje jest zjawiskiem z pogranicza sztuki i literatury inspirowane pismem r\u0119cznym. Istotny dla mnie jest u\u017cycie cyfrowego narz\u0119dzia, kt\u00f3re za pomoc\u0105 dedykowanego algorytmu i spe\u0142nienia okre\u015blonych warunk\u00f3w logicznych \u2013 da\u0142 w\u00a0efekcie \u00a0niezwykle estetyczne kompozycje wizualnie.<\/p>\n<p><img loading=\"lazy\" src=\"https:\/\/semiografia.art\/wp-content\/uploads\/2020\/10\/DSC00221-300x225.jpg\" width=\"300\" height=\"225\" alt=\"\" class=\"wp-image-334 alignnone size-medium\" \/> <img loading=\"lazy\" src=\"https:\/\/semiografia.art\/wp-content\/uploads\/2020\/10\/1DSC00283-300x225.jpg\" width=\"300\" height=\"225\" alt=\"\" class=\"wp-image-333 alignnone size-medium\" \/><\/p>\n<p>Powsta\u0142y r\u00f3wnie\u017c filmy\/animacje filmowe maj\u0105ce na celu pog\u0142\u0119bienie do\u015bwiadcze\u0144 wizualnych oraz jedna gra do pobrania i\u00a0realizacji w wersji analogowej. W\u0142a\u015bciwa prezentacja projekt\u00f3w znajduje si\u0119 \u00a0na specjalnie dla tego celu stworzonej stronie internetowej. <a href=\"http:\/\/www.semiografia.art\">www.semiografia.art<\/a><\/p>\n<p> Projektom towarzyszy promocja strony www i poszczeg\u00f3lnych projekt\u00f3w w\u00a0mediach spo\u0142eczno\u015bciowych.<\/p>\n<p><a href=\"https:\/\/www.facebook.com\/nagranicyliberatury\/\">https:\/\/www.facebook.com\/nagranicyliberatury\/<\/a><\/p>\n<p><a href=\"https:\/\/www.facebook.com\/aleksandrowicz.art\">https:\/\/www.facebook.com\/aleksandrowicz.art<\/a><\/p>\n<p><a href=\"https:\/\/www.instagram.com\/arte_buena\/channel\/\">https:\/\/www.instagram.com\/arte_buena\/channel\/<\/a><\/p>\n<p>Udost\u0119pnione projekty i grafiki<\/p>\n<p><a href=\"https:\/\/photos.app.goo.gl\/ANSp7HKAH7bujTQZ9\">https:\/\/photos.app.goo.gl\/ANSp7HKAH7bujTQZ9<\/a><\/p>\n<p><a href=\"https:\/\/photos.app.goo.gl\/yGFtie2GeAy38NVr6\">https:\/\/photos.app.goo.gl\/yGFtie2GeAy38NVr6<\/a><\/p>\n<p><a href=\"https:\/\/photos.app.goo.gl\/v3HSvmQzFAi9qPPf7\">https:\/\/photos.app.goo.gl\/v3HSvmQzFAi9qPPf7<\/a><\/p>\n<p><a href=\"https:\/\/photos.app.goo.gl\/jLLZKw9zJiQ9puHa7\">https:\/\/photos.app.goo.gl\/jLLZKw9zJiQ9puHa7<\/a><\/p>\n<p>&nbsp;<\/p>\n<p>FILMY prezentuj\u0105ce projekty i grafiki<\/p>\n<p><a href=\"https:\/\/www.youtube.com\/watch?v=_nvSkjOjV9o&amp;feature=youtu.be\">https:\/\/www.youtube.com\/watch?v=_nvSkjOjV9o&amp;feature=youtu.be<\/a><\/p>\n<p><a href=\"https:\/\/youtu.be\/qSb8bIbu3ZQ\">https:\/\/youtu.be\/qSb8bIbu3ZQ<\/a><\/p>\n<p><a href=\"https:\/\/youtu.be\/ndEpPgBgNWk\">https:\/\/youtu.be\/ndEpPgBgNWk<\/a><\/p>\n<p><a href=\"https:\/\/youtu.be\/g_Fdt5K17gg\">https:\/\/youtu.be\/g_Fdt5K17gg<\/a><\/p>\n<p><a href=\"https:\/\/youtu.be\/WuJ3Yt59oG0\">https:\/\/youtu.be\/WuJ3Yt59oG0<\/a><\/p>\n<p><a href=\"https:\/\/youtu.be\/kfjwFN3vgUM\">https:\/\/youtu.be\/kfjwFN3vgUM<\/a><\/p>\n<p>&nbsp;<\/p>\n<p>MATERIA\u0141Y do pobrania, PDFy do druku i\u00a0gra:<\/p>\n<p><a href=\"https:\/\/semiografia.art\/index.php\/materialy-do-pobrania\/\">https:\/\/semiografia.art\/index.php\/materialy-do-pobrania\/<\/a><\/p>\n<p>&nbsp;<\/p>\n<p>W celu prezentacji platformy internetowej przygotowa\u0142am prezentacj\u0119 live, czyli spotkania ze studentami Akademii Sztuk Pi\u0119knych im. Eugeniusza Gepperta we Wroc\u0142awiu na <strong>platformie ZOOM i\u00a0TEAMS<\/strong> (OFFICE 365) w\u00a0<strong>PRACOWNI KOMUNIKACJI TW\u00d3RCZEJ<\/strong> prowadzonej przez prof. Eugeniusza J\u00f3zefowskiego oraz w ramach przedmiotu <strong>PROJEKTY ARTYSTYCZNE.<\/strong><\/p>\n<p><strong><\/strong><\/p>\n<\/div>\n<\/div>\n<p>[\/et_pb_text][\/et_pb_column][\/et_pb_row][\/et_pb_section]<\/p>\n","protected":false},"excerpt":{"rendered":"<p>[et_pb_section fb_built=&#8221;1&#8243; _builder_version=&#8221;4.4.8&#8243;][et_pb_row column_structure=&#8221;1_4,3_4&#8243; _builder_version=&#8221;4.4.8&#8243;][et_pb_column type=&#8221;1_4&#8243; _builder_version=&#8221;4.4.8&#8243;][et_pb_post_title _builder_version=&#8221;4.4.8&#8243;][\/et_pb_post_title][\/et_pb_column][et_pb_column type=&#8221;3_4&#8243; _builder_version=&#8221;4.4.8&#8243;][et_pb_text _builder_version=&#8221;4.4.8&#8243;] PL.\u00a0Celem projektu by\u0142o i jest propagowanie ksi\u0105\u017cek artystycznych o charakterze liberackim, opieraj\u0105cych si\u0119 na \u015bcis\u0142ych regu\u0142ach matematycznych. Liberatura \u0142amie konwencj\u0119. Poszerza poznanie. Rezygnuje z linearno\u015bci. Otwiera dzie\u0142o. Mo\u017ce przyjmowa\u0107 r\u00f3\u017cne formy i kszta\u0142ty. Tre\u015b\u0107 jest r\u00f3wnorz\u0119dna z form\u0105. Nie musi by\u0107 wykonana z papieru. [&hellip;]<\/p>\n","protected":false},"author":1,"featured_media":0,"parent":0,"menu_order":0,"comment_status":"closed","ping_status":"closed","template":"","meta":{"_et_pb_use_builder":"on","_et_pb_old_content":"","_et_gb_content_width":""},"_links":{"self":[{"href":"https:\/\/semiografia.art\/index.php\/wp-json\/wp\/v2\/pages\/954"}],"collection":[{"href":"https:\/\/semiografia.art\/index.php\/wp-json\/wp\/v2\/pages"}],"about":[{"href":"https:\/\/semiografia.art\/index.php\/wp-json\/wp\/v2\/types\/page"}],"author":[{"embeddable":true,"href":"https:\/\/semiografia.art\/index.php\/wp-json\/wp\/v2\/users\/1"}],"replies":[{"embeddable":true,"href":"https:\/\/semiografia.art\/index.php\/wp-json\/wp\/v2\/comments?post=954"}],"version-history":[{"count":11,"href":"https:\/\/semiografia.art\/index.php\/wp-json\/wp\/v2\/pages\/954\/revisions"}],"predecessor-version":[{"id":986,"href":"https:\/\/semiografia.art\/index.php\/wp-json\/wp\/v2\/pages\/954\/revisions\/986"}],"wp:attachment":[{"href":"https:\/\/semiografia.art\/index.php\/wp-json\/wp\/v2\/media?parent=954"}],"curies":[{"name":"wp","href":"https:\/\/api.w.org\/{rel}","templated":true}]}}