{"id":720,"date":"2020-10-18T16:52:09","date_gmt":"2020-10-18T14:52:09","guid":{"rendered":"https:\/\/semiografia.art\/?page_id=720"},"modified":"2020-10-26T18:06:27","modified_gmt":"2020-10-26T17:06:27","slug":"dokumentacja-promocji","status":"publish","type":"page","link":"https:\/\/semiografia.art\/index.php\/dokumentacja-promocji\/","title":{"rendered":"DOKUMENTACJA PROMOCJI"},"content":{"rendered":"<p>[et_pb_section fb_built=&#8221;1&#8243; _builder_version=&#8221;4.4.8&#8243;][et_pb_row column_structure=&#8221;1_4,3_4&#8243; _builder_version=&#8221;4.4.8&#8243;][et_pb_column type=&#8221;1_4&#8243; _builder_version=&#8221;4.4.8&#8243;][et_pb_post_title _builder_version=&#8221;4.4.8&#8243;][\/et_pb_post_title][\/et_pb_column][et_pb_column type=&#8221;3_4&#8243; _builder_version=&#8221;4.4.8&#8243;][et_pb_image src=&#8221;https:\/\/semiografia.art\/wp-content\/uploads\/2020\/10\/COVER-FOTO-FACEBOOK_K_001.jpg&#8221; title_text=&#8221;COVER FOTO FACEBOOK_K_001&#8243; url=&#8221;https:\/\/www.facebook.com\/nagranicyliberatury\/&#8221; url_new_window=&#8221;on&#8221; _builder_version=&#8221;4.4.8&#8243;][\/et_pb_image][et_pb_text _builder_version=&#8221;4.4.8&#8243;]<\/p>\n<p>&nbsp;<\/p>\n<p>&nbsp;<\/p>\n<p>PROMOCJA PROJEKTU<strong> SEMIOGRAFIA 2.0<\/strong> W MEDIACH SPO\u0141ECZNO\u015aCIOWYCH\u00a0<\/p>\n<p>&nbsp;<\/p>\n<p><a href=\"https:\/\/www.instagram.com\/arte_buena\/channel\/\">https:\/\/www.instagram.com\/arte_buena\/channel\/<\/a><\/p>\n<p><a href=\"https:\/\/www.facebook.com\/aleksandrowicz.art\">https:\/\/www.facebook.com\/aleksandrowicz.art<\/a><\/p>\n<p><a href=\"https:\/\/www.facebook.com\/nagranicyliberatury\/\">https:\/\/www.facebook.com\/nagranicyliberatury\/<\/a><\/p>\n<p><a href=\"https:\/\/photos.app.goo.gl\/ANSp7HKAH7bujTQZ9\">https:\/\/photos.app.goo.gl\/ANSp7HKAH7bujTQZ9<\/a><\/p>\n<p>\u00a0<a href=\"https:\/\/photos.app.goo.gl\/yGFtie2GeAy38NVr6\">https:\/\/photos.app.goo.gl\/yGFtie2GeAy38NVr6<\/a><\/p>\n<p><a href=\"https:\/\/photos.app.goo.gl\/v3HSvmQzFAi9qPPf7\">https:\/\/photos.app.goo.gl\/v3HSvmQzFAi9qPPf7<\/a><\/p>\n<p>\u00a0<a href=\"https:\/\/photos.app.goo.gl\/jLLZKw9zJiQ9puHa7\">https:\/\/photos.app.goo.gl\/jLLZKw9zJiQ9puHa7<\/a><\/p>\n<p>&nbsp;<\/p>\n<p>&nbsp;<\/p>\n<p>archiwum:<\/p>\n<p>\u00a0<span style=\"font-size: 13px;\">\u00a0<\/span><a href=\"https:\/\/photos.app.goo.gl\/C2bnzHwquiTVRBan7\" style=\"font-size: 13px;\">https:\/\/photos.app.goo.gl\/C2bnzHwquiTVRBan7<\/a><\/p>\n<p>&nbsp;<\/p>\n<p>&nbsp;<\/p>\n<p>[\/et_pb_text][et_pb_divider _builder_version=&#8221;4.4.8&#8243;][\/et_pb_divider][et_pb_text _builder_version=&#8221;4.4.8&#8243;]<\/p>\n<div class=\"kvgmc6g5 cxmmr5t8 oygrvhab hcukyx3x c1et5uql ii04i59q\">\n<div dir=\"auto\" style=\"text-align: justify;\"><\/div>\n<div dir=\"auto\" style=\"text-align: justify;\">\n<p>Udzia\u0142 w Mi\u0119dzynarodowym projekcie:\u00a0<strong>BRUMBA.<\/strong>\u00a0JEDNO\u015a\u0106 S\u0141OWA Z PRZESTRZENI\u0104 ZAPISU.\u00a0CYKL WYDAWNICTW LIBERACKICH |\u00a0UNITY OF WORDS AND A WRITING SPACE.\u00a0A SERIES OF LIBERATURE PUBLICATIONS. 2015, PROGRAM \u201ePROMOWANIE R\u00d3\u017bNORODNO\u015aCI KULTUROWEJ I ARTYSTYCZNEJ W RAMACH EUROPEJSKIEGO DZIEDZICTWA KULTUROWEGO\u201d W RAMACH MF EOG 2009\u20132014. PROJEKT FINANSOWANY ZE \u015aRODK\u00d3W FUNDUSZY NORWESKICH I EOG, POCHODZ\u0104CYCH Z ISLANDII, LIECHTENSTEINU I NORWEGII ORAZ \u015aRODK\u00d3W KRAJOWYCH.<\/p>\n<p>Autorski projekt ksi\u0105\u017cki:\u00a0<a href=\"https:\/\/youtu.be\/IpEPmlODhGA\"><strong><em>Monika Aleksandrowicz, Semiografia.\u00a0<\/em><\/strong><\/a><\/p>\n<p>Cykl spotka\u0144 promuj\u0105cych ksi\u0105\u017ck\u0119 i liberatur\u0119:<\/p>\n<p>Reykjav\u00edk, Islandia, Galeria ANARKIA, 9\u201312.10.2015<br \/> Bydgoszcz, Wojew\u00f3dzka i Miejska Biblioteka Publiczna im. dr. Witolda Be\u0142zy, 24\u201325.10.2015<br \/> Oslo, Norwegia, Kulturhus Hausmania Kafe, 4\u20138.11.2015<br \/> Wroc\u0142aw, Tajne Komplety, 14.11.2015<br \/> Warszawa, Galeria V9, Ho\u017ca 9, 28\u201329.11.2015<br \/> Krak\u00f3w, Biblioteka Jagiello\u0144ska, 9.12.2015<br \/> Lublin, Miejska Biblioteka Publiczna im. Hieronima \u0141opaci\u0144skiego w Lublinie, 10\u201311.12.2015<\/p>\n<p>&nbsp;<\/p>\n<\/div>\n<\/div>\n<div class=\"o9v6fnle cxmmr5t8 oygrvhab hcukyx3x c1et5uql ii04i59q\"><a href=\"http:\/\/www.bydgoszczinaczej.pl\/artykul\/brumba-nie-literatura-a-liberatura\/?fbclid=IwAR28z_z-GvvbXZpLfFQs5HMoajUwuQcXhhExbppp56fk2D5WyakBuM7d4vY\">http:\/\/www.bydgoszczinaczej.pl\/artykul\/brumba-nie-literatura-a-liberatura\/?fbclid=IwAR28z_z-GvvbXZpLfFQs5HMoajUwuQcXhhExbppp56fk2D5WyakBuM7d4vY<\/a><\/div>\n<div class=\"o9v6fnle cxmmr5t8 oygrvhab hcukyx3x c1et5uql ii04i59q\"><\/div>\n<div class=\"o9v6fnle cxmmr5t8 oygrvhab hcukyx3x c1et5uql ii04i59q\"><\/div>\n<div class=\"o9v6fnle cxmmr5t8 oygrvhab hcukyx3x c1et5uql ii04i59q\"><\/div>\n<div class=\"o9v6fnle cxmmr5t8 oygrvhab hcukyx3x c1et5uql ii04i59q\"><\/div>\n<p>[\/et_pb_text][et_pb_divider _builder_version=&#8221;4.4.8&#8243;][\/et_pb_divider][et_pb_text _builder_version=&#8221;4.4.8&#8243;]<\/p>\n<h5><strong>Reykjav\u00edk, Islandia, Galeria ANARKIA, 9\u201312.10.2015<\/strong><\/h5>\n<p>[\/et_pb_text][et_pb_gallery gallery_ids=&#8221;728,729,730,731,732,733,734,735,736,737,738,739,740,741&#8243; fullwidth=&#8221;on&#8221; _builder_version=&#8221;4.4.8&#8243;][\/et_pb_gallery][et_pb_divider _builder_version=&#8221;4.4.8&#8243;][\/et_pb_divider][et_pb_text _builder_version=&#8221;4.4.8&#8243; hover_enabled=&#8221;0&#8243;]<\/p>\n<h5><strong>Bydgoszcz, Wojew\u00f3dzka i Miejska Biblioteka Publiczna im. dr. Witolda Be\u0142zy, 24\u201325.10.2015<\/strong><\/h5>\n<p>[\/et_pb_text][et_pb_gallery gallery_ids=&#8221;889,888,890&#8243; fullwidth=&#8221;on&#8221; _builder_version=&#8221;4.4.8&#8243; hover_enabled=&#8221;0&#8243;][\/et_pb_gallery][et_pb_divider _builder_version=&#8221;4.4.8&#8243;][\/et_pb_divider][et_pb_text _builder_version=&#8221;4.4.8&#8243;]<\/p>\n<h5><strong>Oslo, Norwegia, Kulturhus Hausmania Kafe, 4\u20138.11.2015<\/strong><\/h5>\n<p>[\/et_pb_text][et_pb_gallery gallery_ids=&#8221;818,819,820,821,822,823,824,825,826,827,828,829,830,831,832,833,834,835,836,837,838,839,840,841,842,843,844,845,846,847&#8243; fullwidth=&#8221;on&#8221; _builder_version=&#8221;4.4.8&#8243;][\/et_pb_gallery][et_pb_divider _builder_version=&#8221;4.4.8&#8243;][\/et_pb_divider][et_pb_text _builder_version=&#8221;4.4.8&#8243;]<\/p>\n<h5><strong>Wroc\u0142aw, Tajne Komplety, 14.11.2015<\/strong><\/h5>\n<p>[\/et_pb_text][et_pb_gallery gallery_ids=&#8221;856,852,850,851,853,865,854,855,857,858,859,860,861,862,863,864,866,867,868,869,870,871,872,873,874&#8243; fullwidth=&#8221;on&#8221; _builder_version=&#8221;4.4.8&#8243; hover_enabled=&#8221;0&#8243;][\/et_pb_gallery][et_pb_divider _builder_version=&#8221;4.4.8&#8243;][\/et_pb_divider][et_pb_text _builder_version=&#8221;4.4.8&#8243;]<\/p>\n<h5><strong>Warszawa, Galeria V9, Ho\u017ca 9, 28\u201329.11.2015<\/strong><\/h5>\n<p>[\/et_pb_text][et_pb_gallery gallery_ids=&#8221;801,802,803,804,805,806,807,808,809,810&#8243; fullwidth=&#8221;on&#8221; _builder_version=&#8221;4.4.8&#8243;][\/et_pb_gallery][et_pb_divider _builder_version=&#8221;4.4.8&#8243;][\/et_pb_divider][et_pb_text _builder_version=&#8221;4.4.8&#8243;]<\/p>\n<h5><strong>Krak\u00f3w, Biblioteka Jagiello\u0144ska, 9.12.2015<\/strong><\/h5>\n<p>[\/et_pb_text][et_pb_gallery gallery_ids=&#8221;774,775,776,777,778,779,780,781,782,783,784,785,786,787&#8243; fullwidth=&#8221;on&#8221; _builder_version=&#8221;4.4.8&#8243;][\/et_pb_gallery][et_pb_divider _builder_version=&#8221;4.4.8&#8243;][\/et_pb_divider][et_pb_text _builder_version=&#8221;4.4.8&#8243; hover_enabled=&#8221;0&#8243;]<\/p>\n<h5><strong>Lublin, Miejska Biblioteka Publiczna im. Hieronima \u0141opaci\u0144skiego w Lublinie, 10\u201311.12.2015<\/strong><\/h5>\n<p>[\/et_pb_text][et_pb_gallery gallery_ids=&#8221;879,878,880,881,882,883,884,885&#8243; fullwidth=&#8221;on&#8221; _builder_version=&#8221;4.4.8&#8243; hover_enabled=&#8221;0&#8243;][\/et_pb_gallery][\/et_pb_column][\/et_pb_row][\/et_pb_section]<\/p>\n","protected":false},"excerpt":{"rendered":"<p>[et_pb_section fb_built=&#8221;1&#8243; _builder_version=&#8221;4.4.8&#8243;][et_pb_row column_structure=&#8221;1_4,3_4&#8243; _builder_version=&#8221;4.4.8&#8243;][et_pb_column type=&#8221;1_4&#8243; _builder_version=&#8221;4.4.8&#8243;][et_pb_post_title _builder_version=&#8221;4.4.8&#8243;][\/et_pb_post_title][\/et_pb_column][et_pb_column type=&#8221;3_4&#8243; _builder_version=&#8221;4.4.8&#8243;][et_pb_image src=&#8221;https:\/\/semiografia.art\/wp-content\/uploads\/2020\/10\/COVER-FOTO-FACEBOOK_K_001.jpg&#8221; title_text=&#8221;COVER FOTO FACEBOOK_K_001&#8243; url=&#8221;https:\/\/www.facebook.com\/nagranicyliberatury\/&#8221; url_new_window=&#8221;on&#8221; _builder_version=&#8221;4.4.8&#8243;][\/et_pb_image][et_pb_text _builder_version=&#8221;4.4.8&#8243;] &nbsp; &nbsp; PROMOCJA PROJEKTU SEMIOGRAFIA 2.0 W MEDIACH SPO\u0141ECZNO\u015aCIOWYCH\u00a0 &nbsp; https:\/\/www.instagram.com\/arte_buena\/channel\/ https:\/\/www.facebook.com\/aleksandrowicz.art https:\/\/www.facebook.com\/nagranicyliberatury\/ https:\/\/photos.app.goo.gl\/ANSp7HKAH7bujTQZ9 \u00a0https:\/\/photos.app.goo.gl\/yGFtie2GeAy38NVr6 https:\/\/photos.app.goo.gl\/v3HSvmQzFAi9qPPf7 \u00a0https:\/\/photos.app.goo.gl\/jLLZKw9zJiQ9puHa7 &nbsp; &nbsp; archiwum: \u00a0\u00a0https:\/\/photos.app.goo.gl\/C2bnzHwquiTVRBan7 &nbsp; &nbsp; [\/et_pb_text][et_pb_divider _builder_version=&#8221;4.4.8&#8243;][\/et_pb_divider][et_pb_text _builder_version=&#8221;4.4.8&#8243;] Udzia\u0142 w Mi\u0119dzynarodowym projekcie:\u00a0BRUMBA.\u00a0JEDNO\u015a\u0106 S\u0141OWA Z PRZESTRZENI\u0104 ZAPISU.\u00a0CYKL WYDAWNICTW LIBERACKICH |\u00a0UNITY [&hellip;]<\/p>\n","protected":false},"author":1,"featured_media":0,"parent":0,"menu_order":0,"comment_status":"closed","ping_status":"closed","template":"","meta":{"_et_pb_use_builder":"on","_et_pb_old_content":"","_et_gb_content_width":""},"_links":{"self":[{"href":"https:\/\/semiografia.art\/index.php\/wp-json\/wp\/v2\/pages\/720"}],"collection":[{"href":"https:\/\/semiografia.art\/index.php\/wp-json\/wp\/v2\/pages"}],"about":[{"href":"https:\/\/semiografia.art\/index.php\/wp-json\/wp\/v2\/types\/page"}],"author":[{"embeddable":true,"href":"https:\/\/semiografia.art\/index.php\/wp-json\/wp\/v2\/users\/1"}],"replies":[{"embeddable":true,"href":"https:\/\/semiografia.art\/index.php\/wp-json\/wp\/v2\/comments?post=720"}],"version-history":[{"count":20,"href":"https:\/\/semiografia.art\/index.php\/wp-json\/wp\/v2\/pages\/720\/revisions"}],"predecessor-version":[{"id":891,"href":"https:\/\/semiografia.art\/index.php\/wp-json\/wp\/v2\/pages\/720\/revisions\/891"}],"wp:attachment":[{"href":"https:\/\/semiografia.art\/index.php\/wp-json\/wp\/v2\/media?parent=720"}],"curies":[{"name":"wp","href":"https:\/\/api.w.org\/{rel}","templated":true}]}}