{"id":5,"date":"2020-08-28T20:39:29","date_gmt":"2020-08-28T18:39:29","guid":{"rendered":"https:\/\/semiografia.art\/?page_id=5"},"modified":"2021-04-17T16:43:09","modified_gmt":"2021-04-17T14:43:09","slug":"5-2","status":"publish","type":"page","link":"https:\/\/semiografia.art\/","title":{"rendered":""},"content":{"rendered":"<p>[et_pb_section fb_built=&#8221;1&#8243; _builder_version=&#8221;4.4.8&#8243; custom_margin=&#8221;||-42px|||&#8221; custom_padding=&#8221;||92px|||&#8221;][et_pb_row _builder_version=&#8221;4.4.8&#8243; link_option_url=&#8221;https:\/\/youtu.be\/IpEPmlODhGA&#8221;][et_pb_column type=&#8221;4_4&#8243; _builder_version=&#8221;4.4.8&#8243;][et_pb_text _builder_version=&#8221;4.6.6&#8243; _module_preset=&#8221;default&#8221; hover_enabled=&#8221;0&#8243; sticky_enabled=&#8221;0&#8243;]<\/p>\n<h4 style=\"text-align: left;\"><span style=\"font-size: small; color: #808080;\"><strong>Strona \u00a0internetowa powsta\u0142a w tej formie jako zaplecze przygotowywanego doktoratu\u00a0i ma s\u0142u\u017cy\u0107 recenzentom oraz wszystkim zainteresowanym jako dodatkowe \u017ar\u00f3d\u0142o informacji.<\/strong><\/span><\/h4>\n<p>[\/et_pb_text][et_pb_video_slider _builder_version=&#8221;4.4.8&#8243; custom_margin=&#8221;-25px|||||&#8221;][et_pb_video_slider_item src=&#8221;https:\/\/youtu.be\/qSb8bIbu3ZQ&#8221; _builder_version=&#8221;4.4.8&#8243; show_image_overlay=&#8221;off&#8221;][\/et_pb_video_slider_item][et_pb_video_slider_item src=&#8221;https:\/\/youtu.be\/-G-Z_xXvSpU&#8221; _builder_version=&#8221;4.4.8&#8243; show_image_overlay=&#8221;off&#8221;][\/et_pb_video_slider_item][et_pb_video_slider_item src=&#8221;https:\/\/youtu.be\/IpEPmlODhGA&#8221; _builder_version=&#8221;4.4.8&#8243; show_image_overlay=&#8221;off&#8221;][\/et_pb_video_slider_item][et_pb_video_slider_item src=&#8221;https:\/\/youtu.be\/ndEpPgBgNWk&#8221; _builder_version=&#8221;4.4.8&#8243; show_image_overlay=&#8221;off&#8221;][\/et_pb_video_slider_item][et_pb_video_slider_item src=&#8221;https:\/\/youtu.be\/WuJ3Yt59oG0&#8243; _builder_version=&#8221;4.4.8&#8243; show_image_overlay=&#8221;off&#8221;][\/et_pb_video_slider_item][\/et_pb_video_slider][\/et_pb_column][\/et_pb_row][et_pb_row _builder_version=&#8221;4.4.8&#8243;][et_pb_column type=&#8221;4_4&#8243; _builder_version=&#8221;4.4.8&#8243;][et_pb_post_slider show_meta=&#8221;off&#8221; _builder_version=&#8221;4.4.8&#8243;][\/et_pb_post_slider][\/et_pb_column][\/et_pb_row][et_pb_row _builder_version=&#8221;4.4.8&#8243; link_option_url=&#8221;https:\/\/youtu.be\/IpEPmlODhGA&#8221;][et_pb_column type=&#8221;4_4&#8243; _builder_version=&#8221;4.4.8&#8243;][et_pb_blog fullwidth=&#8221;off&#8221; posts_number=&#8221;19&#8243; _builder_version=&#8221;4.4.8&#8243;][\/et_pb_blog][\/et_pb_column][\/et_pb_row][et_pb_row _builder_version=&#8221;4.4.8&#8243;][et_pb_column type=&#8221;4_4&#8243; _builder_version=&#8221;4.4.8&#8243;][et_pb_team_member name=&#8221;MONIKA ALEKSANDROWICZ&#8221; position=&#8221;TW\u00d3RCA WIZUALNY | VISUAL CREATOR&#8221; image_url=&#8221;https:\/\/semiografia.art\/wp-content\/uploads\/2020\/10\/MA_fot-Patrycja-Szumowska_1-scaled.jpg&#8221; facebook_url=&#8221;https:\/\/www.facebook.com\/aleksandrowicz.art&#8221; icon_color=&#8221;#000000&#8243; use_icon_font_size=&#8221;on&#8221; icon_font_size=&#8221;27px&#8221; _builder_version=&#8221;4.4.8&#8243; border_radii_image=&#8221;on|211px|211px|211px|211px&#8221;]<\/p>\n<p style=\"text-align: justify;\"><span>PL. Absolwentka Wydzia\u0142u Malarstwa wroc\u0142awskiej Akademii Sztuk Pi\u0119knych (1999) oraz Filozofii na wydziale Nauk Spo\u0142ecznych Uniwersytetu Wroc\u0142awskiego (2001). W dorobku artystycznym Moniki Aleksandrowicz znajduje si\u0119 ponad 60 wystaw zbiorowych, sympozja po\u015bwi\u0119cone sztuce konceptualnej oraz ekspozycje indywidualne, kt\u00f3re organizowane i prezentowane by\u0142y w kraju i za granic\u0105. Obecnie pracuje w Katedrze Mediacji Sztuki wroc\u0142awskiej Akademii Sztuk Pi\u0119knych.<\/span><\/p>\n<p style=\"text-align: justify;\"><span><\/span><\/p>\n<p style=\"text-align: justify;\"><span>ENG. A graduate of the Faculty of Painting at the Academy of Fine Arts in Wroc\u0142aw (1999) and Philosophy at the Faculty of Social Sciences of the University of Wroc\u0142aw (2001). Monika Aleksandrowicz&#8217;s artistic output includes over 60 collective exhibitions, symposia devoted to conceptual art and individual exhibitions that were organized and presented in the country and abroad. She currently works at the Art Mediation Department of The Eugeniusz Geppert Academy of Art and Design in Wroc\u0142aw.<\/span><\/p>\n<p>[\/et_pb_team_member][\/et_pb_column][\/et_pb_row][\/et_pb_section]<\/p>\n","protected":false},"excerpt":{"rendered":"<p>[et_pb_section fb_built=&#8221;1&#8243; _builder_version=&#8221;4.4.8&#8243; custom_margin=&#8221;||-42px|||&#8221; custom_padding=&#8221;||92px|||&#8221;][et_pb_row _builder_version=&#8221;4.4.8&#8243; link_option_url=&#8221;https:\/\/youtu.be\/IpEPmlODhGA&#8221;][et_pb_column type=&#8221;4_4&#8243; _builder_version=&#8221;4.4.8&#8243;][et_pb_text _builder_version=&#8221;4.6.6&#8243; _module_preset=&#8221;default&#8221; hover_enabled=&#8221;0&#8243; sticky_enabled=&#8221;0&#8243;] Strona \u00a0internetowa powsta\u0142a w tej formie jako zaplecze przygotowywanego doktoratu\u00a0i ma s\u0142u\u017cy\u0107 recenzentom oraz wszystkim zainteresowanym jako dodatkowe \u017ar\u00f3d\u0142o informacji. [\/et_pb_text][et_pb_video_slider _builder_version=&#8221;4.4.8&#8243; custom_margin=&#8221;-25px|||||&#8221;][et_pb_video_slider_item src=&#8221;https:\/\/youtu.be\/qSb8bIbu3ZQ&#8221; _builder_version=&#8221;4.4.8&#8243; show_image_overlay=&#8221;off&#8221;][\/et_pb_video_slider_item][et_pb_video_slider_item src=&#8221;https:\/\/youtu.be\/-G-Z_xXvSpU&#8221; _builder_version=&#8221;4.4.8&#8243; show_image_overlay=&#8221;off&#8221;][\/et_pb_video_slider_item][et_pb_video_slider_item src=&#8221;https:\/\/youtu.be\/IpEPmlODhGA&#8221; _builder_version=&#8221;4.4.8&#8243; show_image_overlay=&#8221;off&#8221;][\/et_pb_video_slider_item][et_pb_video_slider_item src=&#8221;https:\/\/youtu.be\/ndEpPgBgNWk&#8221; _builder_version=&#8221;4.4.8&#8243; show_image_overlay=&#8221;off&#8221;][\/et_pb_video_slider_item][et_pb_video_slider_item src=&#8221;https:\/\/youtu.be\/WuJ3Yt59oG0&#8243; _builder_version=&#8221;4.4.8&#8243; show_image_overlay=&#8221;off&#8221;][\/et_pb_video_slider_item][\/et_pb_video_slider][\/et_pb_column][\/et_pb_row][et_pb_row _builder_version=&#8221;4.4.8&#8243;][et_pb_column type=&#8221;4_4&#8243; _builder_version=&#8221;4.4.8&#8243;][et_pb_post_slider show_meta=&#8221;off&#8221; [&hellip;]<\/p>\n","protected":false},"author":1,"featured_media":0,"parent":0,"menu_order":0,"comment_status":"closed","ping_status":"closed","template":"","meta":{"_et_pb_use_builder":"on","_et_pb_old_content":"","_et_gb_content_width":""},"_links":{"self":[{"href":"https:\/\/semiografia.art\/index.php\/wp-json\/wp\/v2\/pages\/5"}],"collection":[{"href":"https:\/\/semiografia.art\/index.php\/wp-json\/wp\/v2\/pages"}],"about":[{"href":"https:\/\/semiografia.art\/index.php\/wp-json\/wp\/v2\/types\/page"}],"author":[{"embeddable":true,"href":"https:\/\/semiografia.art\/index.php\/wp-json\/wp\/v2\/users\/1"}],"replies":[{"embeddable":true,"href":"https:\/\/semiografia.art\/index.php\/wp-json\/wp\/v2\/comments?post=5"}],"version-history":[{"count":21,"href":"https:\/\/semiografia.art\/index.php\/wp-json\/wp\/v2\/pages\/5\/revisions"}],"predecessor-version":[{"id":1103,"href":"https:\/\/semiografia.art\/index.php\/wp-json\/wp\/v2\/pages\/5\/revisions\/1103"}],"wp:attachment":[{"href":"https:\/\/semiografia.art\/index.php\/wp-json\/wp\/v2\/media?parent=5"}],"curies":[{"name":"wp","href":"https:\/\/api.w.org\/{rel}","templated":true}]}}